{"id":398,"date":"2024-01-11T12:31:13","date_gmt":"2024-01-11T12:31:13","guid":{"rendered":"https:\/\/apulmo.com\/aventuras\/"},"modified":"2025-01-29T12:28:44","modified_gmt":"2025-01-29T11:28:44","slug":"aventuras","status":"publish","type":"page","link":"https:\/\/apulmo.com\/ca\/aventuras\/","title":{"rendered":"Aventuras"},"content":{"rendered":"<p>[et_pb_section fb_built=&#8221;1&#8243; disabled_on=&#8221;on|off|off&#8221; admin_label=&#8221;Header&#8221; _builder_version=&#8221;4.26.0&#8243; _module_preset=&#8221;default&#8221; background_image=&#8221;https:\/\/apulmo.com\/wp-content\/uploads\/2024\/07\/iStock-610248528.jpg&#8221; background_position=&#8221;top_center&#8221; module_alignment=&#8221;center&#8221; height=&#8221;648px&#8221; height_tablet=&#8221;290px&#8221; height_phone=&#8221;160px&#8221; height_last_edited=&#8221;on|phone&#8221; max_height=&#8221;648px&#8221; max_height_tablet=&#8221;290px&#8221; max_height_phone=&#8221;160px&#8221; max_height_last_edited=&#8221;on|tablet&#8221; custom_padding=&#8221;17vw||17vw||true|false&#8221; locked=&#8221;off&#8221; collapsed=&#8221;off&#8221; global_colors_info=&#8221;{}&#8221;][et_pb_row column_structure=&#8221;1_3,2_3&#8243; _builder_version=&#8221;4.26.0&#8243; _module_preset=&#8221;default&#8221; width=&#8221;100%&#8221; custom_margin=&#8221;||||false|false&#8221; custom_padding=&#8221;||||false|false&#8221; global_colors_info=&#8221;{}&#8221;][et_pb_column type=&#8221;1_3&#8243; _builder_version=&#8221;4.18.0&#8243; _module_preset=&#8221;default&#8221; global_colors_info=&#8221;{}&#8221;][\/et_pb_column][et_pb_column type=&#8221;2_3&#8243; _builder_version=&#8221;4.18.0&#8243; _module_preset=&#8221;default&#8221; global_colors_info=&#8221;{}&#8221;][et_pb_text _builder_version=&#8221;4.26.0&#8243; _module_preset=&#8221;c16985e1-e0d6-4022-964d-e2bfc04fa633&#8243; text_font=&#8221;Montserrat||||||||&#8221; text_font_size=&#8221;20px&#8221; text_line_height=&#8221;1.2em&#8221; header_font=&#8221;Maven Pro|900|||||||&#8221; header_font_size=&#8221;65px&#8221; header_letter_spacing=&#8221;-3px&#8221; header_2_font_size=&#8221;60px&#8221; background_layout=&#8221;dark&#8221; custom_margin=&#8221;|40px||40px|false|false&#8221; custom_margin_tablet=&#8221;-40px||||false|false&#8221; custom_margin_phone=&#8221;-100px||||false|false&#8221; custom_margin_last_edited=&#8221;on|phone&#8221; text_font_size_tablet=&#8221;20px&#8221; text_font_size_phone=&#8221;14px&#8221; text_font_size_last_edited=&#8221;on|phone&#8221; header_font_size_tablet=&#8221;40px&#8221; header_font_size_phone=&#8221;24px&#8221; header_font_size_last_edited=&#8221;on|desktop&#8221; global_colors_info=&#8221;{}&#8221;]<\/p>\n<h2 style=\"text-align: right;\">Aventuras<\/h2>\n<p style=\"text-align: right;\">En nuestras aventuras y excursiones explorar\u00e1s y descubrir\u00e1s el maravilloso mundo subacu\u00e1tico de Mallorca.<\/p>\n<p>[\/et_pb_text][\/et_pb_column][\/et_pb_row][\/et_pb_section][et_pb_section fb_built=&#8221;1&#8243; disabled_on=&#8221;off|on|on&#8221; admin_label=&#8221;Header&#8221; _builder_version=&#8221;4.26.0&#8243; _module_preset=&#8221;default&#8221; background_image=&#8221;https:\/\/apulmo.com\/wp-content\/uploads\/2024\/07\/iStock-610248528.jpg&#8221; background_position=&#8221;bottom_center&#8221; custom_padding=&#8221;30vw||30vw||true|false&#8221; locked=&#8221;off&#8221; collapsed=&#8221;off&#8221; global_colors_info=&#8221;{}&#8221;][et_pb_row column_structure=&#8221;1_2,1_2&#8243; _builder_version=&#8221;4.24.1&#8243; _module_preset=&#8221;default&#8221; width=&#8221;100%&#8221; custom_margin=&#8221;||||false|false&#8221; custom_padding=&#8221;||||false|false&#8221; global_colors_info=&#8221;{}&#8221;][et_pb_column type=&#8221;1_2&#8243; _builder_version=&#8221;4.18.0&#8243; _module_preset=&#8221;default&#8221; global_colors_info=&#8221;{}&#8221;][\/et_pb_column][et_pb_column type=&#8221;1_2&#8243; _builder_version=&#8221;4.18.0&#8243; _module_preset=&#8221;default&#8221; global_colors_info=&#8221;{}&#8221;][et_pb_text _builder_version=&#8221;4.27.4&#8243; _module_preset=&#8221;c16985e1-e0d6-4022-964d-e2bfc04fa633&#8243; text_font=&#8221;Montserrat||||||||&#8221; text_font_size=&#8221;20px&#8221; text_line_height=&#8221;1.2em&#8221; header_font=&#8221;Maven Pro|900|||||||&#8221; header_font_size=&#8221;65px&#8221; header_letter_spacing=&#8221;-3px&#8221; header_2_font_size=&#8221;52px&#8221; background_layout=&#8221;dark&#8221; custom_margin=&#8221;|40px||40px|false|false&#8221; custom_margin_tablet=&#8221;-40px||||false|false&#8221; custom_margin_phone=&#8221;-100px||||false|false&#8221; custom_margin_last_edited=&#8221;on|phone&#8221; text_font_size_tablet=&#8221;20px&#8221; text_font_size_phone=&#8221;18px&#8221; text_font_size_last_edited=&#8221;on|phone&#8221; header_font_size_tablet=&#8221;40px&#8221; header_font_size_phone=&#8221;40px&#8221; header_font_size_last_edited=&#8221;on|desktop&#8221; global_colors_info=&#8221;{}&#8221;]<\/p>\n<h2 style=\"text-align: right;\">Aventuras<\/h2>\n<p style=\"text-align: right;\">En nuestras aventuras y excursiones explorar\u00e1s y descubrir\u00e1s el maravilloso mundo subacu\u00e1tico de Mallorca.<\/p>\n<p>[\/et_pb_text][\/et_pb_column][\/et_pb_row][\/et_pb_section][et_pb_section fb_built=&#8221;1&#8243; _builder_version=&#8221;4.27.4&#8243; _module_preset=&#8221;default&#8221; custom_margin=&#8221;0px|0px|0px|0px|false|false&#8221; custom_padding=&#8221;100px|0px|100px|0px|false|false&#8221; hover_enabled=&#8221;0&#8243; global_colors_info=&#8221;{}&#8221; sticky_enabled=&#8221;0&#8243;][et_pb_row _builder_version=&#8221;4.26.0&#8243; _module_preset=&#8221;default&#8221; width=&#8221;90%&#8221; global_colors_info=&#8221;{}&#8221;][et_pb_column type=&#8221;4_4&#8243; _builder_version=&#8221;4.23.4&#8243; _module_preset=&#8221;default&#8221; global_colors_info=&#8221;{}&#8221;][et_pb_text _builder_version=&#8221;4.27.4&#8243; _module_preset=&#8221;default&#8221; text_line_height=&#8221;2em&#8221; header_font=&#8221;Montserrat|700|||||||&#8221; header_text_color=&#8221;#E09900&#8243; header_font_size=&#8221;23px&#8221; header_letter_spacing=&#8221;4px&#8221; header_line_height=&#8221;0em&#8221; header_2_font=&#8221;Maven Pro|900|||||||&#8221; header_2_font_size=&#8221;60px&#8221; header_2_letter_spacing=&#8221;-2px&#8221; header_3_font=&#8221;Maven Pro||||||||&#8221; custom_margin=&#8221;||||false|false&#8221; hover_enabled=&#8221;0&#8243; header_2_font_size_tablet=&#8221;40px&#8221; header_2_font_size_phone=&#8221;32px&#8221; header_2_font_size_last_edited=&#8221;on|tablet&#8221; global_colors_info=&#8221;{}&#8221; sticky_enabled=&#8221;0&#8243;]<\/p>\n<h2 style=\"text-align: center;\">Aventuras programadas<\/h2>\n<p style=\"text-align: center;\">\u00danete a nuestras excursiones de apnea en Mallorca y descubre sus rincones m\u00e1s espectaculares. Nuestras salidas son perfectas para apne\u00edstas de todos los niveles. Exploraremos un mundo subacu\u00e1tico fascinante, disfrutando de la vida marina y las estructuras rocosas de nuestros fondos. Cada excursi\u00f3n es una experiencia \u00fanica, que compartir\u00e1s con otros apne\u00edstas en un ambiente relajado, seguro y divertido.<\/p>\n<p>[\/et_pb_text][\/et_pb_column][\/et_pb_row][et_pb_row column_structure=&#8221;1_2,1_2&#8243; _builder_version=&#8221;4.27.4&#8243; _module_preset=&#8221;default&#8221; custom_padding=&#8221;0px||0px||true|false&#8221; global_colors_info=&#8221;{}&#8221;][et_pb_column type=&#8221;1_2&#8243; _builder_version=&#8221;4.27.4&#8243; _module_preset=&#8221;default&#8221; global_colors_info=&#8221;{}&#8221;][et_pb_text _builder_version=&#8221;4.26.0&#8243; _module_preset=&#8221;default&#8221; text_line_height=&#8221;2em&#8221; header_font=&#8221;Montserrat|700|||||||&#8221; header_text_color=&#8221;#E09900&#8243; header_font_size=&#8221;23px&#8221; header_letter_spacing=&#8221;4px&#8221; header_line_height=&#8221;0em&#8221; header_2_font=&#8221;Maven Pro|900|||||||&#8221; header_2_font_size=&#8221;60px&#8221; header_2_letter_spacing=&#8221;-2px&#8221; header_3_font=&#8221;Maven Pro||||||||&#8221; custom_margin=&#8221;28px||28px||true|false&#8221; header_2_font_size_tablet=&#8221;40px&#8221; header_2_font_size_phone=&#8221;32px&#8221; header_2_font_size_last_edited=&#8221;on|tablet&#8221; global_colors_info=&#8221;{}&#8221;]<\/p>\n<h3 style=\"text-align: center;\"><\/h3>\n<div class=\"et_pb_text_inner\">\n<div data-shortcode-id=\"3.0.0.0-1737024380456\" data-quickaccess-editable=\"yes\" class=\"et-fb-popover-tinymce\">\n<div class=\"mce-content-body\" contenteditable=\"true\" style=\"position: relative;\">\n<h3 style=\"text-align: center;\"><strong>Excursiones programadas<\/strong><\/h3>\n<p style=\"text-align: center;\"><span style=\"font-size: 18px;\">Disfruta de nuestras excursiones grupales, pueden ser desde embarcaci\u00f3n o desde la costa, con precios que var\u00edan seg\u00fan la excursi\u00f3n. <\/span><span style=\"font-size: 18px;\">Cons\u00faltanos para conocer la programaci\u00f3n y precios para unirte a la pr\u00f3xima aventura.<\/span><\/p>\n<\/div>\n<\/div>\n<\/div>\n<p>[\/et_pb_text][\/et_pb_column][et_pb_column type=&#8221;1_2&#8243; _builder_version=&#8221;4.27.4&#8243; _module_preset=&#8221;default&#8221; global_colors_info=&#8221;{}&#8221;][et_pb_text _builder_version=&#8221;4.26.0&#8243; _module_preset=&#8221;default&#8221; text_line_height=&#8221;2em&#8221; header_font=&#8221;Montserrat|700|||||||&#8221; header_text_color=&#8221;#E09900&#8243; header_font_size=&#8221;23px&#8221; header_letter_spacing=&#8221;4px&#8221; header_line_height=&#8221;0em&#8221; header_2_font=&#8221;Maven Pro|900|||||||&#8221; header_2_font_size=&#8221;60px&#8221; header_2_letter_spacing=&#8221;-2px&#8221; header_3_font=&#8221;Maven Pro||||||||&#8221; custom_margin=&#8221;28px||28px||true|false&#8221; header_2_font_size_tablet=&#8221;40px&#8221; header_2_font_size_phone=&#8221;32px&#8221; header_2_font_size_last_edited=&#8221;on|tablet&#8221; global_colors_info=&#8221;{}&#8221;]<\/p>\n<h3 style=\"text-align: center;\"><\/h3>\n<h3 style=\"text-align: center;\"><strong>Excursiones privadas<\/strong><\/h3>\n<p style=\"text-align: center;\">Si prefieres una experiencia m\u00e1s personalizada, ya sea desde embarcaci\u00f3n o desde la costa, dise\u00f1amos cada salida para ti, asegur\u00e1ndonos de que disfrutes al m\u00e1ximo de experiencia. Consulta disponibilidad y precios para organizar tu pr\u00f3xima aventura.<\/p>\n<p>[\/et_pb_text][\/et_pb_column][\/et_pb_row][et_pb_row column_structure=&#8221;1_2,1_2&#8243; _builder_version=&#8221;4.27.4&#8243; _module_preset=&#8221;default&#8221; custom_padding=&#8221;0px||0px||true|false&#8221; global_colors_info=&#8221;{}&#8221;][et_pb_column type=&#8221;1_2&#8243; _builder_version=&#8221;4.27.4&#8243; _module_preset=&#8221;default&#8221; global_colors_info=&#8221;{}&#8221;][et_pb_button button_url=&#8221;@ET-DC@eyJkeW5hbWljIjp0cnVlLCJjb250ZW50IjoicG9zdF9saW5rX3VybF9wYWdlIiwic2V0dGluZ3MiOnsicG9zdF9pZCI6IjE0NiJ9fQ==@&#8221; button_text=&#8221;\u00a1Quiero Aventuras!&#8221; button_alignment=&#8221;center&#8221; button_alignment_tablet=&#8221;center&#8221; button_alignment_phone=&#8221;center&#8221; button_alignment_last_edited=&#8221;on|tablet&#8221; module_class=&#8221;popmake-451\t&#8221; _builder_version=&#8221;4.27.4&#8243; _dynamic_attributes=&#8221;button_url&#8221; _module_preset=&#8221;default&#8221; custom_button=&#8221;on&#8221; button_text_size=&#8221;18px&#8221; button_text_color=&#8221;#ffffff&#8221; button_bg_color=&#8221;#2797ec&#8221; button_border_width=&#8221;0px&#8221; custom_margin=&#8221;0px||0px||false|false&#8221; custom_padding=&#8221;||||false|false&#8221; locked=&#8221;off&#8221; global_colors_info=&#8221;{}&#8221;][\/et_pb_button][\/et_pb_column][et_pb_column type=&#8221;1_2&#8243; _builder_version=&#8221;4.27.4&#8243; _module_preset=&#8221;default&#8221; global_colors_info=&#8221;{}&#8221;][et_pb_button button_url=&#8221;@ET-DC@eyJkeW5hbWljIjp0cnVlLCJjb250ZW50IjoicG9zdF9saW5rX3VybF9wYWdlIiwic2V0dGluZ3MiOnsicG9zdF9pZCI6IjE0NiJ9fQ==@&#8221; button_text=&#8221;\u00a1Quiero Aventuras!&#8221; button_alignment=&#8221;center&#8221; button_alignment_tablet=&#8221;center&#8221; button_alignment_phone=&#8221;center&#8221; button_alignment_last_edited=&#8221;on|tablet&#8221; disabled_on=&#8221;on|on|off&#8221; module_class=&#8221;popmake-451\t&#8221; _builder_version=&#8221;4.27.4&#8243; _dynamic_attributes=&#8221;button_url&#8221; _module_preset=&#8221;default&#8221; custom_button=&#8221;on&#8221; button_text_size=&#8221;18px&#8221; button_text_color=&#8221;#ffffff&#8221; button_bg_color=&#8221;#2797ec&#8221; button_border_width=&#8221;0px&#8221; custom_margin=&#8221;0px||0px||false|false&#8221; custom_padding=&#8221;||||false|false&#8221; locked=&#8221;off&#8221; global_colors_info=&#8221;{}&#8221;][\/et_pb_button][\/et_pb_column][\/et_pb_row][\/et_pb_section][et_pb_section fb_built=&#8221;1&#8243; disabled_on=&#8221;on|on|on&#8221; module_id=&#8221;excursion1&#8243; _builder_version=&#8221;4.24.1&#8243; _module_preset=&#8221;default&#8221; custom_margin=&#8221;0px|0px|0px|0px|false|false&#8221; custom_padding=&#8221;0px|0px|0px|0px|false|false&#8221; disabled=&#8221;on&#8221; global_colors_info=&#8221;{}&#8221;][et_pb_row _builder_version=&#8221;4.23.4&#8243; _module_preset=&#8221;default&#8221; global_colors_info=&#8221;{}&#8221;][et_pb_column type=&#8221;4_4&#8243; _builder_version=&#8221;4.23.4&#8243; _module_preset=&#8221;default&#8221; global_colors_info=&#8221;{}&#8221;][et_pb_text _builder_version=&#8221;4.23.4&#8243; _module_preset=&#8221;default&#8221; text_font_size=&#8221;16px&#8221; text_line_height=&#8221;2em&#8221; header_3_font=&#8221;Montserrat|700|||||||&#8221; header_3_font_size=&#8221;32px&#8221; custom_margin=&#8221;80px|||||&#8221; custom_padding=&#8221;||40px|||&#8221; global_colors_info=&#8221;{}&#8221;]<\/p>\n<h3 style=\"text-align: center;\">EXCURSION A DONDE QUIERAS<\/h3>\n<p>&nbsp;<\/p>\n<p style=\"text-align: left;\">Aqu\u00ed explicas todo lo que querais decir de las excursiones privadas. Mas abajo se da mas informaci\u00f3n: fechas, precio. etc.<\/p>\n<p style=\"text-align: left;\">skldjfkdsj fkldsjf l\u00f1sdjfjslj\u00f1 klgjd\u00f1l jgdslkfjsdfsl\u00f1djfklsjfsdklfjsldf\u00f1j\u00f1 l dsf dfsdf sd skldjfkdsj fkldsjf l\u00f1sdjfjslj\u00f1 klgjd\u00f1l jgdslkfjsdfsl\u00f1djfklsjfsdklfjsldf\u00f1j\u00f1 l dsf dfsdf sd skldjfkdsj fkldsjf l\u00f1sdjfjslj\u00f1 klgjd\u00f1l jgdslkfjsdfsl\u00f1djfklsjfsdklfjsldf\u00f1j\u00f1 l dsf dfsdf sd skldjfkdsj fkldsjf l\u00f1sdjfjslj\u00f1 klgjd\u00f1l jgdslkfjsdfsl\u00f1djfklsjfsdklfjsldf\u00f1j\u00f1 l dsf dfsdf sd skldjfkdsj fkldsjf l\u00f1sdjfjslj\u00f1 klgjd\u00f1l jgdslkfjsdfsl\u00f1djfklsjfsdklfjsldf\u00f1j\u00f1 l dsf dfsdf sd skldjfkdsj fkldsjf l\u00f1sdjfjslj\u00f1 klgjd\u00f1l jgdslkfjsdfsl\u00f1djfklsjfsdklfjsldf\u00f1j\u00f1 l dsf dfsdf sd<\/p>\n<p style=\"text-align: left;\">skldjfkdsj fkldsjf l\u00f1sdjfjslj\u00f1 klgjd\u00f1l jgdslkfjsdfsl\u00f1djfklsjfsdklfjsldf\u00f1j\u00f1 l dsf dfsdf sd skldjfkdsj fkldsjf l\u00f1sdjfjslj\u00f1 klgjd\u00f1l jgdslkfjsdfsl\u00f1djfklsjfsdklfjsldf\u00f1j\u00f1 l dsf dfsdf sd skldjfkdsj fkldsjf l\u00f1sdjfjslj\u00f1 klgjd\u00f1l jgdslkfjsdfsl\u00f1djfklsjfsdklfjsldf\u00f1j\u00f1 l dsf dfsdf sd skldjfkdsj fkldsjf l\u00f1sdjfjslj\u00f1 klgjd\u00f1l jgdslkfjsdfsl\u00f1djfklsjfsdklfjsldf\u00f1j\u00f1 l dsf dfsdf sdskldjfkdsj fkldsjf l\u00f1sdjfjslj\u00f1 klgjd\u00f1l jgdslkfjsdfsl\u00f1djfklsjfsdklfjsldf\u00f1j\u00f1 l dsf dfsdf sdskldjfkdsj fkldsjf l\u00f1sdjfjslj\u00f1 klgjd\u00f1l jgdslkfjsdfsl\u00f1djfklsjfsdklfjsldf\u00f1j\u00f1 l dsf dfsdf sdv.<\/p>\n<p>[\/et_pb_text][et_pb_gallery show_title_and_caption=&#8221;off&#8221; show_pagination=&#8221;off&#8221; _builder_version=&#8221;4.23.4&#8243; _module_preset=&#8221;default&#8221; width=&#8221;100%&#8221; max_width=&#8221;100%&#8221; custom_margin=&#8221;0px|||0px|false|false&#8221; custom_padding=&#8221;|0px||0px|false|false&#8221; global_colors_info=&#8221;{}&#8221;][\/et_pb_gallery][et_pb_cta _builder_version=&#8221;4.23.4&#8243; _module_preset=&#8221;default&#8221; background_color=&#8221;RGBA(10,10,10,0.37)&#8221; custom_margin=&#8221;80px|||||&#8221; custom_padding=&#8221;40px||10px||false|false&#8221; global_colors_info=&#8221;{}&#8221;]<\/p>\n<table border=\"1\" style=\"border-collapse: collapse; width: 100%;\">\n<tbody>\n<tr>\n<td style=\"width: 33.3333%; text-align: center;\">\n<p>&nbsp;<\/p>\n<p>PRECIO: 250\u20ac<\/p>\n<p>&nbsp;<\/p>\n<\/td>\n<td style=\"width: 33.3333%; text-align: center;\">HORAS: 8 horas<\/td>\n<td style=\"width: 33.3333%; text-align: center;\">REQUISITO: Iniciacion<\/td>\n<\/tr>\n<\/tbody>\n<\/table>\n<p>[\/et_pb_cta][et_pb_button button_text=&#8221;SOLICITA M\u00c1S INFORMACI\u00d3N&#8221; button_alignment=&#8221;center&#8221; _builder_version=&#8221;4.23.4&#8243; _module_preset=&#8221;default&#8221; custom_button=&#8221;on&#8221; button_text_size=&#8221;18px&#8221; button_text_color=&#8221;#FFFFFF&#8221; button_bg_color=&#8221;#E09900&#8243; global_colors_info=&#8221;{}&#8221;][\/et_pb_button][\/et_pb_column][\/et_pb_row][\/et_pb_section]<\/p>\n","protected":false},"excerpt":{"rendered":"<p>Aventuras En nuestras aventuras y excursiones explorar\u00e1s y descubrir\u00e1s el maravilloso mundo subacu\u00e1tico de Mallorca.Aventuras En nuestras aventuras y excursiones explorar\u00e1s y descubrir\u00e1s el maravilloso mundo subacu\u00e1tico de Mallorca.Aventuras programadas \u00danete a nuestras excursiones de apnea en Mallorca y descubre sus rincones m\u00e1s espectaculares. Nuestras salidas son perfectas para apne\u00edstas de todos los niveles. Exploraremos [&hellip;]<\/p>\n","protected":false},"author":1,"featured_media":0,"parent":0,"menu_order":0,"comment_status":"closed","ping_status":"closed","template":"","meta":{"_et_pb_use_builder":"on","_et_pb_old_content":"","_et_gb_content_width":"","_monsterinsights_skip_tracking":false,"_monsterinsights_sitenote_active":false,"_monsterinsights_sitenote_note":"","_monsterinsights_sitenote_category":0,"_joinchat":[],"footnotes":""},"class_list":["post-398","page","type-page","status-publish","hentry"],"aioseo_notices":[],"_links":{"self":[{"href":"https:\/\/apulmo.com\/ca\/wp-json\/wp\/v2\/pages\/398","targetHints":{"allow":["GET"]}}],"collection":[{"href":"https:\/\/apulmo.com\/ca\/wp-json\/wp\/v2\/pages"}],"about":[{"href":"https:\/\/apulmo.com\/ca\/wp-json\/wp\/v2\/types\/page"}],"author":[{"embeddable":true,"href":"https:\/\/apulmo.com\/ca\/wp-json\/wp\/v2\/users\/1"}],"replies":[{"embeddable":true,"href":"https:\/\/apulmo.com\/ca\/wp-json\/wp\/v2\/comments?post=398"}],"version-history":[{"count":16,"href":"https:\/\/apulmo.com\/ca\/wp-json\/wp\/v2\/pages\/398\/revisions"}],"predecessor-version":[{"id":870,"href":"https:\/\/apulmo.com\/ca\/wp-json\/wp\/v2\/pages\/398\/revisions\/870"}],"wp:attachment":[{"href":"https:\/\/apulmo.com\/ca\/wp-json\/wp\/v2\/media?parent=398"}],"curies":[{"name":"wp","href":"https:\/\/api.w.org\/{rel}","templated":true}]}}